{"id":23571,"date":"2023-10-09T13:31:08","date_gmt":"2023-10-09T13:31:08","guid":{"rendered":"https:\/\/oncos.com\/dermatitida-a-lupenka\/"},"modified":"2026-04-07T13:12:12","modified_gmt":"2026-04-07T13:12:12","slug":"dermatitida-a-lupenka","status":"publish","type":"page","link":"https:\/\/oncos.com\/cs\/dermatitida-a-lupenka\/","title":{"rendered":"Dermatitida a lup\u00e9nka"},"content":{"rendered":"","protected":false},"excerpt":{"rendered":"","protected":false},"author":1,"featured_media":0,"parent":0,"menu_order":0,"comment_status":"closed","ping_status":"closed","template":"main-theme.php","meta":{"footnotes":""},"acf":[],"yoast_head":"<!-- This site is optimized with the Yoast SEO plugin v21.3 - https:\/\/yoast.com\/wordpress\/plugins\/seo\/ -->\n<title>Dermatitida a psori\u00e1za: produkty Oncos<\/title>\n<meta name=\"description\" content=\"Dermatitida a lup\u00e9nka: objevte produkty dermokosmetick\u00e9 \u0159ady Oncos pro p\u00e9\u010di o dermatitidu a lup\u00e9nku. Vhodn\u00e9 pro pacienty s rakovinou.\" \/>\n<meta name=\"robots\" content=\"index, follow, max-snippet:-1, max-image-preview:large, max-video-preview:-1\" \/>\n<link rel=\"canonical\" href=\"https:\/\/oncos.com\/cs\/dermatitida-a-lupenka\/\" \/>\n<meta property=\"og:locale\" content=\"cs_CZ\" \/>\n<meta property=\"og:type\" content=\"article\" \/>\n<meta property=\"og:title\" content=\"Dermatitida a psori\u00e1za: produkty Oncos\" \/>\n<meta property=\"og:description\" content=\"Dermatitida a lup\u00e9nka: objevte produkty dermokosmetick\u00e9 \u0159ady Oncos pro p\u00e9\u010di o dermatitidu a lup\u00e9nku. Vhodn\u00e9 pro pacienty s rakovinou.\" \/>\n<meta property=\"og:url\" content=\"https:\/\/oncos.com\/cs\/dermatitida-a-lupenka\/\" \/>\n<meta property=\"og:site_name\" content=\"Oncos\" \/>\n<meta property=\"article:publisher\" content=\"https:\/\/www.facebook.com\/oncoscosmetica\" \/>\n<meta property=\"article:modified_time\" content=\"2026-04-07T13:12:12+00:00\" \/>\n<meta name=\"twitter:card\" content=\"summary_large_image\" \/>\n<script type=\"application\/ld+json\" class=\"yoast-schema-graph\">{\"@context\":\"https:\/\/schema.org\",\"@graph\":[{\"@type\":\"WebPage\",\"@id\":\"https:\/\/oncos.com\/cs\/dermatitida-a-lupenka\/\",\"url\":\"https:\/\/oncos.com\/cs\/dermatitida-a-lupenka\/\",\"name\":\"Dermatitida a psori\u00e1za: produkty Oncos\",\"isPartOf\":{\"@id\":\"https:\/\/www.oncos.com\/cs\/#website\"},\"datePublished\":\"2023-10-09T13:31:08+00:00\",\"dateModified\":\"2026-04-07T13:12:12+00:00\",\"description\":\"Dermatitida a lup\u00e9nka: objevte produkty dermokosmetick\u00e9 \u0159ady Oncos pro p\u00e9\u010di o dermatitidu a lup\u00e9nku. Vhodn\u00e9 pro pacienty s rakovinou.\",\"breadcrumb\":{\"@id\":\"https:\/\/oncos.com\/cs\/dermatitida-a-lupenka\/#breadcrumb\"},\"inLanguage\":\"cs-CZ\",\"potentialAction\":[{\"@type\":\"ReadAction\",\"target\":[\"https:\/\/oncos.com\/cs\/dermatitida-a-lupenka\/\"]}]},{\"@type\":\"BreadcrumbList\",\"@id\":\"https:\/\/oncos.com\/cs\/dermatitida-a-lupenka\/#breadcrumb\",\"itemListElement\":[{\"@type\":\"ListItem\",\"position\":1,\"name\":\"Home\",\"item\":\"https:\/\/oncos.com\/cs\/\"},{\"@type\":\"ListItem\",\"position\":2,\"name\":\"Dermatitida a lup\u00e9nka\"}]},{\"@type\":\"WebSite\",\"@id\":\"https:\/\/www.oncos.com\/cs\/#website\",\"url\":\"https:\/\/www.oncos.com\/cs\/\",\"name\":\"Oncos\",\"description\":\"\",\"publisher\":{\"@id\":\"https:\/\/www.oncos.com\/cs\/#organization\"},\"potentialAction\":[{\"@type\":\"SearchAction\",\"target\":{\"@type\":\"EntryPoint\",\"urlTemplate\":\"https:\/\/www.oncos.com\/cs\/?s={search_term_string}\"},\"query-input\":\"required name=search_term_string\"}],\"inLanguage\":\"cs-CZ\"},{\"@type\":\"Organization\",\"@id\":\"https:\/\/www.oncos.com\/cs\/#organization\",\"name\":\"Oncos\",\"url\":\"https:\/\/www.oncos.com\/cs\/\",\"logo\":{\"@type\":\"ImageObject\",\"inLanguage\":\"cs-CZ\",\"@id\":\"https:\/\/www.oncos.com\/cs\/#\/schema\/logo\/image\/\",\"url\":\"https:\/\/oncos.com\/site\/uploads\/2023\/08\/logo.png\",\"contentUrl\":\"https:\/\/oncos.com\/site\/uploads\/2023\/08\/logo.png\",\"width\":693,\"height\":200,\"caption\":\"Oncos\"},\"image\":{\"@id\":\"https:\/\/www.oncos.com\/cs\/#\/schema\/logo\/image\/\"},\"sameAs\":[\"https:\/\/www.facebook.com\/oncoscosmetica\",\"https:\/\/www.instagram.com\/oncos_cosmetici\/\"]}]}<\/script>\n<!-- \/ Yoast SEO plugin. -->","yoast_head_json":{"title":"Dermatitida a psori\u00e1za: produkty Oncos","description":"Dermatitida a lup\u00e9nka: objevte produkty dermokosmetick\u00e9 \u0159ady Oncos pro p\u00e9\u010di o dermatitidu a lup\u00e9nku. Vhodn\u00e9 pro pacienty s rakovinou.","robots":{"index":"index","follow":"follow","max-snippet":"max-snippet:-1","max-image-preview":"max-image-preview:large","max-video-preview":"max-video-preview:-1"},"canonical":"https:\/\/oncos.com\/cs\/dermatitida-a-lupenka\/","og_locale":"cs_CZ","og_type":"article","og_title":"Dermatitida a psori\u00e1za: produkty Oncos","og_description":"Dermatitida a lup\u00e9nka: objevte produkty dermokosmetick\u00e9 \u0159ady Oncos pro p\u00e9\u010di o dermatitidu a lup\u00e9nku. Vhodn\u00e9 pro pacienty s rakovinou.","og_url":"https:\/\/oncos.com\/cs\/dermatitida-a-lupenka\/","og_site_name":"Oncos","article_publisher":"https:\/\/www.facebook.com\/oncoscosmetica","article_modified_time":"2026-04-07T13:12:12+00:00","twitter_card":"summary_large_image","schema":{"@context":"https:\/\/schema.org","@graph":[{"@type":"WebPage","@id":"https:\/\/oncos.com\/cs\/dermatitida-a-lupenka\/","url":"https:\/\/oncos.com\/cs\/dermatitida-a-lupenka\/","name":"Dermatitida a psori\u00e1za: produkty Oncos","isPartOf":{"@id":"https:\/\/www.oncos.com\/cs\/#website"},"datePublished":"2023-10-09T13:31:08+00:00","dateModified":"2026-04-07T13:12:12+00:00","description":"Dermatitida a lup\u00e9nka: objevte produkty dermokosmetick\u00e9 \u0159ady Oncos pro p\u00e9\u010di o dermatitidu a lup\u00e9nku. Vhodn\u00e9 pro pacienty s rakovinou.","breadcrumb":{"@id":"https:\/\/oncos.com\/cs\/dermatitida-a-lupenka\/#breadcrumb"},"inLanguage":"cs-CZ","potentialAction":[{"@type":"ReadAction","target":["https:\/\/oncos.com\/cs\/dermatitida-a-lupenka\/"]}]},{"@type":"BreadcrumbList","@id":"https:\/\/oncos.com\/cs\/dermatitida-a-lupenka\/#breadcrumb","itemListElement":[{"@type":"ListItem","position":1,"name":"Home","item":"https:\/\/oncos.com\/cs\/"},{"@type":"ListItem","position":2,"name":"Dermatitida a lup\u00e9nka"}]},{"@type":"WebSite","@id":"https:\/\/www.oncos.com\/cs\/#website","url":"https:\/\/www.oncos.com\/cs\/","name":"Oncos","description":"","publisher":{"@id":"https:\/\/www.oncos.com\/cs\/#organization"},"potentialAction":[{"@type":"SearchAction","target":{"@type":"EntryPoint","urlTemplate":"https:\/\/www.oncos.com\/cs\/?s={search_term_string}"},"query-input":"required name=search_term_string"}],"inLanguage":"cs-CZ"},{"@type":"Organization","@id":"https:\/\/www.oncos.com\/cs\/#organization","name":"Oncos","url":"https:\/\/www.oncos.com\/cs\/","logo":{"@type":"ImageObject","inLanguage":"cs-CZ","@id":"https:\/\/www.oncos.com\/cs\/#\/schema\/logo\/image\/","url":"https:\/\/oncos.com\/site\/uploads\/2023\/08\/logo.png","contentUrl":"https:\/\/oncos.com\/site\/uploads\/2023\/08\/logo.png","width":693,"height":200,"caption":"Oncos"},"image":{"@id":"https:\/\/www.oncos.com\/cs\/#\/schema\/logo\/image\/"},"sameAs":["https:\/\/www.facebook.com\/oncoscosmetica","https:\/\/www.instagram.com\/oncos_cosmetici\/"]}]}},"_links":{"self":[{"href":"https:\/\/oncos.com\/cs\/wp-json\/wp\/v2\/pages\/23571"}],"collection":[{"href":"https:\/\/oncos.com\/cs\/wp-json\/wp\/v2\/pages"}],"about":[{"href":"https:\/\/oncos.com\/cs\/wp-json\/wp\/v2\/types\/page"}],"author":[{"embeddable":true,"href":"https:\/\/oncos.com\/cs\/wp-json\/wp\/v2\/users\/1"}],"replies":[{"embeddable":true,"href":"https:\/\/oncos.com\/cs\/wp-json\/wp\/v2\/comments?post=23571"}],"version-history":[{"count":1,"href":"https:\/\/oncos.com\/cs\/wp-json\/wp\/v2\/pages\/23571\/revisions"}],"predecessor-version":[{"id":23573,"href":"https:\/\/oncos.com\/cs\/wp-json\/wp\/v2\/pages\/23571\/revisions\/23573"}],"wp:attachment":[{"href":"https:\/\/oncos.com\/cs\/wp-json\/wp\/v2\/media?parent=23571"}],"curies":[{"name":"wp","href":"https:\/\/api.w.org\/{rel}","templated":true}]}}