{"id":23574,"date":"2023-08-11T20:26:36","date_gmt":"2023-08-11T20:26:36","guid":{"rendered":"https:\/\/oncos.com\/casto-kladene-dotazy\/"},"modified":"2025-12-01T17:09:13","modified_gmt":"2025-12-01T17:09:13","slug":"casto-kladene-dotazy","status":"publish","type":"page","link":"https:\/\/oncos.com\/cs\/casto-kladene-dotazy\/","title":{"rendered":"\u010cASTO KLADEN\u00c9 DOTAZY"},"content":{"rendered":"","protected":false},"excerpt":{"rendered":"","protected":false},"author":1,"featured_media":0,"parent":0,"menu_order":0,"comment_status":"closed","ping_status":"closed","template":"main-theme.php","meta":{"footnotes":""},"acf":[],"yoast_head":"<!-- This site is optimized with the Yoast SEO plugin v21.3 - https:\/\/yoast.com\/wordpress\/plugins\/seo\/ -->\n<title>Oncos FAQ: odpov\u011bdi na \u010dasto kladen\u00e9 ot\u00e1zky o pou\u017e\u00edv\u00e1n\u00ed<\/title>\n<meta name=\"description\" content=\"Oncos FAQ: odpov\u011bdi na \u010dasto kladen\u00e9 ot\u00e1zky t\u00fdkaj\u00edc\u00ed se pou\u017e\u00edv\u00e1n\u00ed produkt\u016f Oncos a jejich \u00fa\u010dinnosti. Jak je pou\u017e\u00edvat a jak\u00e9 probl\u00e9my \u0159e\u0161\u00ed.\" \/>\n<meta name=\"robots\" content=\"index, follow, max-snippet:-1, max-image-preview:large, max-video-preview:-1\" \/>\n<link rel=\"canonical\" href=\"https:\/\/oncos.com\/cs\/casto-kladene-dotazy\/\" \/>\n<meta property=\"og:locale\" content=\"cs_CZ\" \/>\n<meta property=\"og:type\" content=\"article\" \/>\n<meta property=\"og:title\" content=\"Oncos FAQ: odpov\u011bdi na \u010dasto kladen\u00e9 ot\u00e1zky o pou\u017e\u00edv\u00e1n\u00ed\" \/>\n<meta property=\"og:description\" content=\"Oncos FAQ: odpov\u011bdi na \u010dasto kladen\u00e9 ot\u00e1zky t\u00fdkaj\u00edc\u00ed se pou\u017e\u00edv\u00e1n\u00ed produkt\u016f Oncos a jejich \u00fa\u010dinnosti. Jak je pou\u017e\u00edvat a jak\u00e9 probl\u00e9my \u0159e\u0161\u00ed.\" \/>\n<meta property=\"og:url\" content=\"https:\/\/oncos.com\/cs\/casto-kladene-dotazy\/\" \/>\n<meta property=\"og:site_name\" content=\"Oncos\" \/>\n<meta property=\"article:publisher\" content=\"https:\/\/www.facebook.com\/oncoscosmetica\" \/>\n<meta property=\"article:modified_time\" content=\"2025-12-01T17:09:13+00:00\" \/>\n<meta name=\"twitter:card\" content=\"summary_large_image\" \/>\n<script type=\"application\/ld+json\" class=\"yoast-schema-graph\">{\"@context\":\"https:\/\/schema.org\",\"@graph\":[{\"@type\":\"WebPage\",\"@id\":\"https:\/\/oncos.com\/cs\/casto-kladene-dotazy\/\",\"url\":\"https:\/\/oncos.com\/cs\/casto-kladene-dotazy\/\",\"name\":\"Oncos FAQ: odpov\u011bdi na \u010dasto kladen\u00e9 ot\u00e1zky o pou\u017e\u00edv\u00e1n\u00ed\",\"isPartOf\":{\"@id\":\"https:\/\/www.oncos.com\/cs\/#website\"},\"datePublished\":\"2023-08-11T20:26:36+00:00\",\"dateModified\":\"2025-12-01T17:09:13+00:00\",\"description\":\"Oncos FAQ: odpov\u011bdi na \u010dasto kladen\u00e9 ot\u00e1zky t\u00fdkaj\u00edc\u00ed se pou\u017e\u00edv\u00e1n\u00ed produkt\u016f Oncos a jejich \u00fa\u010dinnosti. Jak je pou\u017e\u00edvat a jak\u00e9 probl\u00e9my \u0159e\u0161\u00ed.\",\"breadcrumb\":{\"@id\":\"https:\/\/oncos.com\/cs\/casto-kladene-dotazy\/#breadcrumb\"},\"inLanguage\":\"cs-CZ\",\"potentialAction\":[{\"@type\":\"ReadAction\",\"target\":[\"https:\/\/oncos.com\/cs\/casto-kladene-dotazy\/\"]}]},{\"@type\":\"BreadcrumbList\",\"@id\":\"https:\/\/oncos.com\/cs\/casto-kladene-dotazy\/#breadcrumb\",\"itemListElement\":[{\"@type\":\"ListItem\",\"position\":1,\"name\":\"Home\",\"item\":\"https:\/\/oncos.com\/cs\/\"},{\"@type\":\"ListItem\",\"position\":2,\"name\":\"\u010cASTO KLADEN\u00c9 DOTAZY\"}]},{\"@type\":\"WebSite\",\"@id\":\"https:\/\/www.oncos.com\/cs\/#website\",\"url\":\"https:\/\/www.oncos.com\/cs\/\",\"name\":\"Oncos\",\"description\":\"\",\"publisher\":{\"@id\":\"https:\/\/www.oncos.com\/cs\/#organization\"},\"potentialAction\":[{\"@type\":\"SearchAction\",\"target\":{\"@type\":\"EntryPoint\",\"urlTemplate\":\"https:\/\/www.oncos.com\/cs\/?s={search_term_string}\"},\"query-input\":\"required name=search_term_string\"}],\"inLanguage\":\"cs-CZ\"},{\"@type\":\"Organization\",\"@id\":\"https:\/\/www.oncos.com\/cs\/#organization\",\"name\":\"Oncos\",\"url\":\"https:\/\/www.oncos.com\/cs\/\",\"logo\":{\"@type\":\"ImageObject\",\"inLanguage\":\"cs-CZ\",\"@id\":\"https:\/\/www.oncos.com\/cs\/#\/schema\/logo\/image\/\",\"url\":\"https:\/\/oncos.com\/site\/uploads\/2023\/08\/logo.png\",\"contentUrl\":\"https:\/\/oncos.com\/site\/uploads\/2023\/08\/logo.png\",\"width\":693,\"height\":200,\"caption\":\"Oncos\"},\"image\":{\"@id\":\"https:\/\/www.oncos.com\/cs\/#\/schema\/logo\/image\/\"},\"sameAs\":[\"https:\/\/www.facebook.com\/oncoscosmetica\",\"https:\/\/www.instagram.com\/oncos_cosmetici\/\"]}]}<\/script>\n<!-- \/ Yoast SEO plugin. -->","yoast_head_json":{"title":"Oncos FAQ: odpov\u011bdi na \u010dasto kladen\u00e9 ot\u00e1zky o pou\u017e\u00edv\u00e1n\u00ed","description":"Oncos FAQ: odpov\u011bdi na \u010dasto kladen\u00e9 ot\u00e1zky t\u00fdkaj\u00edc\u00ed se pou\u017e\u00edv\u00e1n\u00ed produkt\u016f Oncos a jejich \u00fa\u010dinnosti. Jak je pou\u017e\u00edvat a jak\u00e9 probl\u00e9my \u0159e\u0161\u00ed.","robots":{"index":"index","follow":"follow","max-snippet":"max-snippet:-1","max-image-preview":"max-image-preview:large","max-video-preview":"max-video-preview:-1"},"canonical":"https:\/\/oncos.com\/cs\/casto-kladene-dotazy\/","og_locale":"cs_CZ","og_type":"article","og_title":"Oncos FAQ: odpov\u011bdi na \u010dasto kladen\u00e9 ot\u00e1zky o pou\u017e\u00edv\u00e1n\u00ed","og_description":"Oncos FAQ: odpov\u011bdi na \u010dasto kladen\u00e9 ot\u00e1zky t\u00fdkaj\u00edc\u00ed se pou\u017e\u00edv\u00e1n\u00ed produkt\u016f Oncos a jejich \u00fa\u010dinnosti. Jak je pou\u017e\u00edvat a jak\u00e9 probl\u00e9my \u0159e\u0161\u00ed.","og_url":"https:\/\/oncos.com\/cs\/casto-kladene-dotazy\/","og_site_name":"Oncos","article_publisher":"https:\/\/www.facebook.com\/oncoscosmetica","article_modified_time":"2025-12-01T17:09:13+00:00","twitter_card":"summary_large_image","schema":{"@context":"https:\/\/schema.org","@graph":[{"@type":"WebPage","@id":"https:\/\/oncos.com\/cs\/casto-kladene-dotazy\/","url":"https:\/\/oncos.com\/cs\/casto-kladene-dotazy\/","name":"Oncos FAQ: odpov\u011bdi na \u010dasto kladen\u00e9 ot\u00e1zky o pou\u017e\u00edv\u00e1n\u00ed","isPartOf":{"@id":"https:\/\/www.oncos.com\/cs\/#website"},"datePublished":"2023-08-11T20:26:36+00:00","dateModified":"2025-12-01T17:09:13+00:00","description":"Oncos FAQ: odpov\u011bdi na \u010dasto kladen\u00e9 ot\u00e1zky t\u00fdkaj\u00edc\u00ed se pou\u017e\u00edv\u00e1n\u00ed produkt\u016f Oncos a jejich \u00fa\u010dinnosti. Jak je pou\u017e\u00edvat a jak\u00e9 probl\u00e9my \u0159e\u0161\u00ed.","breadcrumb":{"@id":"https:\/\/oncos.com\/cs\/casto-kladene-dotazy\/#breadcrumb"},"inLanguage":"cs-CZ","potentialAction":[{"@type":"ReadAction","target":["https:\/\/oncos.com\/cs\/casto-kladene-dotazy\/"]}]},{"@type":"BreadcrumbList","@id":"https:\/\/oncos.com\/cs\/casto-kladene-dotazy\/#breadcrumb","itemListElement":[{"@type":"ListItem","position":1,"name":"Home","item":"https:\/\/oncos.com\/cs\/"},{"@type":"ListItem","position":2,"name":"\u010cASTO KLADEN\u00c9 DOTAZY"}]},{"@type":"WebSite","@id":"https:\/\/www.oncos.com\/cs\/#website","url":"https:\/\/www.oncos.com\/cs\/","name":"Oncos","description":"","publisher":{"@id":"https:\/\/www.oncos.com\/cs\/#organization"},"potentialAction":[{"@type":"SearchAction","target":{"@type":"EntryPoint","urlTemplate":"https:\/\/www.oncos.com\/cs\/?s={search_term_string}"},"query-input":"required name=search_term_string"}],"inLanguage":"cs-CZ"},{"@type":"Organization","@id":"https:\/\/www.oncos.com\/cs\/#organization","name":"Oncos","url":"https:\/\/www.oncos.com\/cs\/","logo":{"@type":"ImageObject","inLanguage":"cs-CZ","@id":"https:\/\/www.oncos.com\/cs\/#\/schema\/logo\/image\/","url":"https:\/\/oncos.com\/site\/uploads\/2023\/08\/logo.png","contentUrl":"https:\/\/oncos.com\/site\/uploads\/2023\/08\/logo.png","width":693,"height":200,"caption":"Oncos"},"image":{"@id":"https:\/\/www.oncos.com\/cs\/#\/schema\/logo\/image\/"},"sameAs":["https:\/\/www.facebook.com\/oncoscosmetica","https:\/\/www.instagram.com\/oncos_cosmetici\/"]}]}},"_links":{"self":[{"href":"https:\/\/oncos.com\/cs\/wp-json\/wp\/v2\/pages\/23574"}],"collection":[{"href":"https:\/\/oncos.com\/cs\/wp-json\/wp\/v2\/pages"}],"about":[{"href":"https:\/\/oncos.com\/cs\/wp-json\/wp\/v2\/types\/page"}],"author":[{"embeddable":true,"href":"https:\/\/oncos.com\/cs\/wp-json\/wp\/v2\/users\/1"}],"replies":[{"embeddable":true,"href":"https:\/\/oncos.com\/cs\/wp-json\/wp\/v2\/comments?post=23574"}],"version-history":[{"count":2,"href":"https:\/\/oncos.com\/cs\/wp-json\/wp\/v2\/pages\/23574\/revisions"}],"predecessor-version":[{"id":23745,"href":"https:\/\/oncos.com\/cs\/wp-json\/wp\/v2\/pages\/23574\/revisions\/23745"}],"wp:attachment":[{"href":"https:\/\/oncos.com\/cs\/wp-json\/wp\/v2\/media?parent=23574"}],"curies":[{"name":"wp","href":"https:\/\/api.w.org\/{rel}","templated":true}]}}