{"id":23671,"date":"2023-08-13T19:06:28","date_gmt":"2023-08-13T19:06:28","guid":{"rendered":"https:\/\/oncos.com\/klinicke-studie\/"},"modified":"2026-04-07T13:12:13","modified_gmt":"2026-04-07T13:12:13","slug":"klinicke-studie","status":"publish","type":"page","link":"https:\/\/oncos.com\/cs\/vyzkum\/klinicke-studie\/","title":{"rendered":"Klinick\u00e9 studie"},"content":{"rendered":"","protected":false},"excerpt":{"rendered":"","protected":false},"author":1,"featured_media":0,"parent":23674,"menu_order":0,"comment_status":"closed","ping_status":"closed","template":"main-theme.php","meta":{"footnotes":""},"acf":[],"yoast_head":"<!-- This site is optimized with the Yoast SEO plugin v21.3 - https:\/\/yoast.com\/wordpress\/plugins\/seo\/ -->\n<title>Klinick\u00e1 studie \u00fa\u010dinnosti produktu - Oncos<\/title>\n<meta name=\"description\" content=\"Klinick\u00e1 studie Oncos: Zjist\u011bte, jak na\u0161e v\u00fdrobky zlep\u0161uj\u00ed psychickou a dermatologickou pohodu pacient\u016f b\u011bhem l\u00e9\u010dby rakoviny.\" \/>\n<meta name=\"robots\" content=\"index, follow, max-snippet:-1, max-image-preview:large, max-video-preview:-1\" \/>\n<link rel=\"canonical\" href=\"https:\/\/oncos.com\/cs\/vyzkum\/klinicke-studie\/\" \/>\n<meta property=\"og:locale\" content=\"cs_CZ\" \/>\n<meta property=\"og:type\" content=\"article\" \/>\n<meta property=\"og:title\" content=\"Klinick\u00e1 studie \u00fa\u010dinnosti produktu - Oncos\" \/>\n<meta property=\"og:description\" content=\"Klinick\u00e1 studie Oncos: Zjist\u011bte, jak na\u0161e v\u00fdrobky zlep\u0161uj\u00ed psychickou a dermatologickou pohodu pacient\u016f b\u011bhem l\u00e9\u010dby rakoviny.\" \/>\n<meta property=\"og:url\" content=\"https:\/\/oncos.com\/cs\/vyzkum\/klinicke-studie\/\" \/>\n<meta property=\"og:site_name\" content=\"Oncos\" \/>\n<meta property=\"article:publisher\" content=\"https:\/\/www.facebook.com\/oncoscosmetica\" \/>\n<meta property=\"article:modified_time\" content=\"2026-04-07T13:12:13+00:00\" \/>\n<meta name=\"twitter:card\" content=\"summary_large_image\" \/>\n<script type=\"application\/ld+json\" class=\"yoast-schema-graph\">{\"@context\":\"https:\/\/schema.org\",\"@graph\":[{\"@type\":\"WebPage\",\"@id\":\"https:\/\/oncos.com\/cs\/vyzkum\/klinicke-studie\/\",\"url\":\"https:\/\/oncos.com\/cs\/vyzkum\/klinicke-studie\/\",\"name\":\"Klinick\u00e1 studie \u00fa\u010dinnosti produktu - Oncos\",\"isPartOf\":{\"@id\":\"https:\/\/www.oncos.com\/cs\/#website\"},\"datePublished\":\"2023-08-13T19:06:28+00:00\",\"dateModified\":\"2026-04-07T13:12:13+00:00\",\"description\":\"Klinick\u00e1 studie Oncos: Zjist\u011bte, jak na\u0161e v\u00fdrobky zlep\u0161uj\u00ed psychickou a dermatologickou pohodu pacient\u016f b\u011bhem l\u00e9\u010dby rakoviny.\",\"breadcrumb\":{\"@id\":\"https:\/\/oncos.com\/cs\/vyzkum\/klinicke-studie\/#breadcrumb\"},\"inLanguage\":\"cs-CZ\",\"potentialAction\":[{\"@type\":\"ReadAction\",\"target\":[\"https:\/\/oncos.com\/cs\/vyzkum\/klinicke-studie\/\"]}]},{\"@type\":\"BreadcrumbList\",\"@id\":\"https:\/\/oncos.com\/cs\/vyzkum\/klinicke-studie\/#breadcrumb\",\"itemListElement\":[{\"@type\":\"ListItem\",\"position\":1,\"name\":\"Home\",\"item\":\"https:\/\/oncos.com\/cs\/\"},{\"@type\":\"ListItem\",\"position\":2,\"name\":\"Vyhled\u00e1v\u00e1n\u00ed\",\"item\":\"https:\/\/oncos.com\/cs\/ricerca\/\"},{\"@type\":\"ListItem\",\"position\":3,\"name\":\"Klinick\u00e9 studie\"}]},{\"@type\":\"WebSite\",\"@id\":\"https:\/\/www.oncos.com\/cs\/#website\",\"url\":\"https:\/\/www.oncos.com\/cs\/\",\"name\":\"Oncos\",\"description\":\"\",\"publisher\":{\"@id\":\"https:\/\/www.oncos.com\/cs\/#organization\"},\"potentialAction\":[{\"@type\":\"SearchAction\",\"target\":{\"@type\":\"EntryPoint\",\"urlTemplate\":\"https:\/\/www.oncos.com\/cs\/?s={search_term_string}\"},\"query-input\":\"required name=search_term_string\"}],\"inLanguage\":\"cs-CZ\"},{\"@type\":\"Organization\",\"@id\":\"https:\/\/www.oncos.com\/cs\/#organization\",\"name\":\"Oncos\",\"url\":\"https:\/\/www.oncos.com\/cs\/\",\"logo\":{\"@type\":\"ImageObject\",\"inLanguage\":\"cs-CZ\",\"@id\":\"https:\/\/www.oncos.com\/cs\/#\/schema\/logo\/image\/\",\"url\":\"https:\/\/oncos.com\/site\/uploads\/2023\/08\/logo.png\",\"contentUrl\":\"https:\/\/oncos.com\/site\/uploads\/2023\/08\/logo.png\",\"width\":693,\"height\":200,\"caption\":\"Oncos\"},\"image\":{\"@id\":\"https:\/\/www.oncos.com\/cs\/#\/schema\/logo\/image\/\"},\"sameAs\":[\"https:\/\/www.facebook.com\/oncoscosmetica\",\"https:\/\/www.instagram.com\/oncos_cosmetici\/\"]}]}<\/script>\n<!-- \/ Yoast SEO plugin. -->","yoast_head_json":{"title":"Klinick\u00e1 studie \u00fa\u010dinnosti produktu - Oncos","description":"Klinick\u00e1 studie Oncos: Zjist\u011bte, jak na\u0161e v\u00fdrobky zlep\u0161uj\u00ed psychickou a dermatologickou pohodu pacient\u016f b\u011bhem l\u00e9\u010dby rakoviny.","robots":{"index":"index","follow":"follow","max-snippet":"max-snippet:-1","max-image-preview":"max-image-preview:large","max-video-preview":"max-video-preview:-1"},"canonical":"https:\/\/oncos.com\/cs\/vyzkum\/klinicke-studie\/","og_locale":"cs_CZ","og_type":"article","og_title":"Klinick\u00e1 studie \u00fa\u010dinnosti produktu - Oncos","og_description":"Klinick\u00e1 studie Oncos: Zjist\u011bte, jak na\u0161e v\u00fdrobky zlep\u0161uj\u00ed psychickou a dermatologickou pohodu pacient\u016f b\u011bhem l\u00e9\u010dby rakoviny.","og_url":"https:\/\/oncos.com\/cs\/vyzkum\/klinicke-studie\/","og_site_name":"Oncos","article_publisher":"https:\/\/www.facebook.com\/oncoscosmetica","article_modified_time":"2026-04-07T13:12:13+00:00","twitter_card":"summary_large_image","schema":{"@context":"https:\/\/schema.org","@graph":[{"@type":"WebPage","@id":"https:\/\/oncos.com\/cs\/vyzkum\/klinicke-studie\/","url":"https:\/\/oncos.com\/cs\/vyzkum\/klinicke-studie\/","name":"Klinick\u00e1 studie \u00fa\u010dinnosti produktu - Oncos","isPartOf":{"@id":"https:\/\/www.oncos.com\/cs\/#website"},"datePublished":"2023-08-13T19:06:28+00:00","dateModified":"2026-04-07T13:12:13+00:00","description":"Klinick\u00e1 studie Oncos: Zjist\u011bte, jak na\u0161e v\u00fdrobky zlep\u0161uj\u00ed psychickou a dermatologickou pohodu pacient\u016f b\u011bhem l\u00e9\u010dby rakoviny.","breadcrumb":{"@id":"https:\/\/oncos.com\/cs\/vyzkum\/klinicke-studie\/#breadcrumb"},"inLanguage":"cs-CZ","potentialAction":[{"@type":"ReadAction","target":["https:\/\/oncos.com\/cs\/vyzkum\/klinicke-studie\/"]}]},{"@type":"BreadcrumbList","@id":"https:\/\/oncos.com\/cs\/vyzkum\/klinicke-studie\/#breadcrumb","itemListElement":[{"@type":"ListItem","position":1,"name":"Home","item":"https:\/\/oncos.com\/cs\/"},{"@type":"ListItem","position":2,"name":"Vyhled\u00e1v\u00e1n\u00ed","item":"https:\/\/oncos.com\/cs\/ricerca\/"},{"@type":"ListItem","position":3,"name":"Klinick\u00e9 studie"}]},{"@type":"WebSite","@id":"https:\/\/www.oncos.com\/cs\/#website","url":"https:\/\/www.oncos.com\/cs\/","name":"Oncos","description":"","publisher":{"@id":"https:\/\/www.oncos.com\/cs\/#organization"},"potentialAction":[{"@type":"SearchAction","target":{"@type":"EntryPoint","urlTemplate":"https:\/\/www.oncos.com\/cs\/?s={search_term_string}"},"query-input":"required name=search_term_string"}],"inLanguage":"cs-CZ"},{"@type":"Organization","@id":"https:\/\/www.oncos.com\/cs\/#organization","name":"Oncos","url":"https:\/\/www.oncos.com\/cs\/","logo":{"@type":"ImageObject","inLanguage":"cs-CZ","@id":"https:\/\/www.oncos.com\/cs\/#\/schema\/logo\/image\/","url":"https:\/\/oncos.com\/site\/uploads\/2023\/08\/logo.png","contentUrl":"https:\/\/oncos.com\/site\/uploads\/2023\/08\/logo.png","width":693,"height":200,"caption":"Oncos"},"image":{"@id":"https:\/\/www.oncos.com\/cs\/#\/schema\/logo\/image\/"},"sameAs":["https:\/\/www.facebook.com\/oncoscosmetica","https:\/\/www.instagram.com\/oncos_cosmetici\/"]}]}},"_links":{"self":[{"href":"https:\/\/oncos.com\/cs\/wp-json\/wp\/v2\/pages\/23671"}],"collection":[{"href":"https:\/\/oncos.com\/cs\/wp-json\/wp\/v2\/pages"}],"about":[{"href":"https:\/\/oncos.com\/cs\/wp-json\/wp\/v2\/types\/page"}],"author":[{"embeddable":true,"href":"https:\/\/oncos.com\/cs\/wp-json\/wp\/v2\/users\/1"}],"replies":[{"embeddable":true,"href":"https:\/\/oncos.com\/cs\/wp-json\/wp\/v2\/comments?post=23671"}],"version-history":[{"count":6,"href":"https:\/\/oncos.com\/cs\/wp-json\/wp\/v2\/pages\/23671\/revisions"}],"predecessor-version":[{"id":34378,"href":"https:\/\/oncos.com\/cs\/wp-json\/wp\/v2\/pages\/23671\/revisions\/34378"}],"up":[{"embeddable":true,"href":"https:\/\/oncos.com\/cs\/wp-json\/wp\/v2\/pages\/23674"}],"wp:attachment":[{"href":"https:\/\/oncos.com\/cs\/wp-json\/wp\/v2\/media?parent=23671"}],"curies":[{"name":"wp","href":"https:\/\/api.w.org\/{rel}","templated":true}]}}