{"id":10537,"date":"2023-08-11T20:39:45","date_gmt":"2023-08-11T20:39:45","guid":{"rendered":"https:\/\/oncos.com\/diventa-rivenditore-oncos\/"},"modified":"2025-12-01T17:08:59","modified_gmt":"2025-12-01T17:08:59","slug":"conviertase-en-distribuidor-de-oncos","status":"publish","type":"page","link":"https:\/\/oncos.com\/es\/area-business\/conviertase-en-distribuidor-de-oncos\/","title":{"rendered":"Hazte distribuidor de Oncos"},"content":{"rendered":"","protected":false},"excerpt":{"rendered":"","protected":false},"author":1,"featured_media":0,"parent":11018,"menu_order":0,"comment_status":"closed","ping_status":"closed","template":"main-theme.php","meta":{"footnotes":""},"acf":[],"yoast_head":"<!-- This site is optimized with the Yoast SEO plugin v21.3 - https:\/\/yoast.com\/wordpress\/plugins\/seo\/ -->\n<title>Hazte distribuidor de Oncos - Oncos<\/title>\n<meta name=\"description\" content=\"Convi\u00e9rtete en distribuidor Oncos: Quieres recibir m\u00e1s informaci\u00f3n y convertirte en distribuidor autorizado de nuestros productos dermocosm\u00e9ticos. Descubre c\u00f3mo.\" \/>\n<meta name=\"robots\" content=\"index, follow, max-snippet:-1, max-image-preview:large, max-video-preview:-1\" \/>\n<link rel=\"canonical\" href=\"https:\/\/oncos.com\/es\/area-business\/conviertase-en-distribuidor-de-oncos\/\" \/>\n<meta property=\"og:locale\" content=\"es_ES\" \/>\n<meta property=\"og:type\" content=\"article\" \/>\n<meta property=\"og:title\" content=\"Hazte distribuidor de Oncos - Oncos\" \/>\n<meta property=\"og:description\" content=\"Convi\u00e9rtete en distribuidor Oncos: Quieres recibir m\u00e1s informaci\u00f3n y convertirte en distribuidor autorizado de nuestros productos dermocosm\u00e9ticos. Descubre c\u00f3mo.\" \/>\n<meta property=\"og:url\" content=\"https:\/\/oncos.com\/es\/area-business\/conviertase-en-distribuidor-de-oncos\/\" \/>\n<meta property=\"og:site_name\" content=\"Oncos\" \/>\n<meta property=\"article:publisher\" content=\"https:\/\/www.facebook.com\/oncoscosmetica\" \/>\n<meta property=\"article:modified_time\" content=\"2025-12-01T17:08:59+00:00\" \/>\n<meta name=\"twitter:card\" content=\"summary_large_image\" \/>\n<script type=\"application\/ld+json\" class=\"yoast-schema-graph\">{\"@context\":\"https:\/\/schema.org\",\"@graph\":[{\"@type\":\"WebPage\",\"@id\":\"https:\/\/oncos.com\/es\/area-business\/conviertase-en-distribuidor-de-oncos\/\",\"url\":\"https:\/\/oncos.com\/es\/area-business\/conviertase-en-distribuidor-de-oncos\/\",\"name\":\"Hazte distribuidor de Oncos - Oncos\",\"isPartOf\":{\"@id\":\"https:\/\/www.oncos.com\/es\/#website\"},\"datePublished\":\"2023-08-11T20:39:45+00:00\",\"dateModified\":\"2025-12-01T17:08:59+00:00\",\"description\":\"Convi\u00e9rtete en distribuidor Oncos: Quieres recibir m\u00e1s informaci\u00f3n y convertirte en distribuidor autorizado de nuestros productos dermocosm\u00e9ticos. Descubre c\u00f3mo.\",\"breadcrumb\":{\"@id\":\"https:\/\/oncos.com\/es\/area-business\/conviertase-en-distribuidor-de-oncos\/#breadcrumb\"},\"inLanguage\":\"es-ES\",\"potentialAction\":[{\"@type\":\"ReadAction\",\"target\":[\"https:\/\/oncos.com\/es\/area-business\/conviertase-en-distribuidor-de-oncos\/\"]}]},{\"@type\":\"BreadcrumbList\",\"@id\":\"https:\/\/oncos.com\/es\/area-business\/conviertase-en-distribuidor-de-oncos\/#breadcrumb\",\"itemListElement\":[{\"@type\":\"ListItem\",\"position\":1,\"name\":\"Home\",\"item\":\"https:\/\/oncos.com\/es\/\"},{\"@type\":\"ListItem\",\"position\":2,\"name\":\"\u00c1rea profesional\",\"item\":\"https:\/\/oncos.com\/es\/area-business\/\"},{\"@type\":\"ListItem\",\"position\":3,\"name\":\"Hazte distribuidor de Oncos\"}]},{\"@type\":\"WebSite\",\"@id\":\"https:\/\/www.oncos.com\/es\/#website\",\"url\":\"https:\/\/www.oncos.com\/es\/\",\"name\":\"Oncos\",\"description\":\"\",\"publisher\":{\"@id\":\"https:\/\/www.oncos.com\/es\/#organization\"},\"potentialAction\":[{\"@type\":\"SearchAction\",\"target\":{\"@type\":\"EntryPoint\",\"urlTemplate\":\"https:\/\/www.oncos.com\/es\/?s={search_term_string}\"},\"query-input\":\"required name=search_term_string\"}],\"inLanguage\":\"es-ES\"},{\"@type\":\"Organization\",\"@id\":\"https:\/\/www.oncos.com\/es\/#organization\",\"name\":\"Oncos\",\"url\":\"https:\/\/www.oncos.com\/es\/\",\"logo\":{\"@type\":\"ImageObject\",\"inLanguage\":\"es-ES\",\"@id\":\"https:\/\/www.oncos.com\/es\/#\/schema\/logo\/image\/\",\"url\":\"https:\/\/oncos.com\/site\/uploads\/2023\/08\/logo.png\",\"contentUrl\":\"https:\/\/oncos.com\/site\/uploads\/2023\/08\/logo.png\",\"width\":693,\"height\":200,\"caption\":\"Oncos\"},\"image\":{\"@id\":\"https:\/\/www.oncos.com\/es\/#\/schema\/logo\/image\/\"},\"sameAs\":[\"https:\/\/www.facebook.com\/oncoscosmetica\",\"https:\/\/www.instagram.com\/oncos_cosmetici\/\"]}]}<\/script>\n<!-- \/ Yoast SEO plugin. -->","yoast_head_json":{"title":"Hazte distribuidor de Oncos - Oncos","description":"Convi\u00e9rtete en distribuidor Oncos: Quieres recibir m\u00e1s informaci\u00f3n y convertirte en distribuidor autorizado de nuestros productos dermocosm\u00e9ticos. Descubre c\u00f3mo.","robots":{"index":"index","follow":"follow","max-snippet":"max-snippet:-1","max-image-preview":"max-image-preview:large","max-video-preview":"max-video-preview:-1"},"canonical":"https:\/\/oncos.com\/es\/area-business\/conviertase-en-distribuidor-de-oncos\/","og_locale":"es_ES","og_type":"article","og_title":"Hazte distribuidor de Oncos - Oncos","og_description":"Convi\u00e9rtete en distribuidor Oncos: Quieres recibir m\u00e1s informaci\u00f3n y convertirte en distribuidor autorizado de nuestros productos dermocosm\u00e9ticos. Descubre c\u00f3mo.","og_url":"https:\/\/oncos.com\/es\/area-business\/conviertase-en-distribuidor-de-oncos\/","og_site_name":"Oncos","article_publisher":"https:\/\/www.facebook.com\/oncoscosmetica","article_modified_time":"2025-12-01T17:08:59+00:00","twitter_card":"summary_large_image","schema":{"@context":"https:\/\/schema.org","@graph":[{"@type":"WebPage","@id":"https:\/\/oncos.com\/es\/area-business\/conviertase-en-distribuidor-de-oncos\/","url":"https:\/\/oncos.com\/es\/area-business\/conviertase-en-distribuidor-de-oncos\/","name":"Hazte distribuidor de Oncos - Oncos","isPartOf":{"@id":"https:\/\/www.oncos.com\/es\/#website"},"datePublished":"2023-08-11T20:39:45+00:00","dateModified":"2025-12-01T17:08:59+00:00","description":"Convi\u00e9rtete en distribuidor Oncos: Quieres recibir m\u00e1s informaci\u00f3n y convertirte en distribuidor autorizado de nuestros productos dermocosm\u00e9ticos. Descubre c\u00f3mo.","breadcrumb":{"@id":"https:\/\/oncos.com\/es\/area-business\/conviertase-en-distribuidor-de-oncos\/#breadcrumb"},"inLanguage":"es-ES","potentialAction":[{"@type":"ReadAction","target":["https:\/\/oncos.com\/es\/area-business\/conviertase-en-distribuidor-de-oncos\/"]}]},{"@type":"BreadcrumbList","@id":"https:\/\/oncos.com\/es\/area-business\/conviertase-en-distribuidor-de-oncos\/#breadcrumb","itemListElement":[{"@type":"ListItem","position":1,"name":"Home","item":"https:\/\/oncos.com\/es\/"},{"@type":"ListItem","position":2,"name":"\u00c1rea profesional","item":"https:\/\/oncos.com\/es\/area-business\/"},{"@type":"ListItem","position":3,"name":"Hazte distribuidor de Oncos"}]},{"@type":"WebSite","@id":"https:\/\/www.oncos.com\/es\/#website","url":"https:\/\/www.oncos.com\/es\/","name":"Oncos","description":"","publisher":{"@id":"https:\/\/www.oncos.com\/es\/#organization"},"potentialAction":[{"@type":"SearchAction","target":{"@type":"EntryPoint","urlTemplate":"https:\/\/www.oncos.com\/es\/?s={search_term_string}"},"query-input":"required name=search_term_string"}],"inLanguage":"es-ES"},{"@type":"Organization","@id":"https:\/\/www.oncos.com\/es\/#organization","name":"Oncos","url":"https:\/\/www.oncos.com\/es\/","logo":{"@type":"ImageObject","inLanguage":"es-ES","@id":"https:\/\/www.oncos.com\/es\/#\/schema\/logo\/image\/","url":"https:\/\/oncos.com\/site\/uploads\/2023\/08\/logo.png","contentUrl":"https:\/\/oncos.com\/site\/uploads\/2023\/08\/logo.png","width":693,"height":200,"caption":"Oncos"},"image":{"@id":"https:\/\/www.oncos.com\/es\/#\/schema\/logo\/image\/"},"sameAs":["https:\/\/www.facebook.com\/oncoscosmetica","https:\/\/www.instagram.com\/oncos_cosmetici\/"]}]}},"_links":{"self":[{"href":"https:\/\/oncos.com\/es\/wp-json\/wp\/v2\/pages\/10537"}],"collection":[{"href":"https:\/\/oncos.com\/es\/wp-json\/wp\/v2\/pages"}],"about":[{"href":"https:\/\/oncos.com\/es\/wp-json\/wp\/v2\/types\/page"}],"author":[{"embeddable":true,"href":"https:\/\/oncos.com\/es\/wp-json\/wp\/v2\/users\/1"}],"replies":[{"embeddable":true,"href":"https:\/\/oncos.com\/es\/wp-json\/wp\/v2\/comments?post=10537"}],"version-history":[{"count":5,"href":"https:\/\/oncos.com\/es\/wp-json\/wp\/v2\/pages\/10537\/revisions"}],"predecessor-version":[{"id":52440,"href":"https:\/\/oncos.com\/es\/wp-json\/wp\/v2\/pages\/10537\/revisions\/52440"}],"up":[{"embeddable":true,"href":"https:\/\/oncos.com\/es\/wp-json\/wp\/v2\/pages\/11018"}],"wp:attachment":[{"href":"https:\/\/oncos.com\/es\/wp-json\/wp\/v2\/media?parent=10537"}],"curies":[{"name":"wp","href":"https:\/\/api.w.org\/{rel}","templated":true}]}}