{"id":10577,"date":"2023-10-09T13:31:08","date_gmt":"2023-10-09T13:31:08","guid":{"rendered":"https:\/\/oncos.com\/dermatiti-e-psoriasi\/"},"modified":"2026-04-07T13:12:12","modified_gmt":"2026-04-07T13:12:12","slug":"dermatitis-y-psoriasis","status":"publish","type":"page","link":"https:\/\/oncos.com\/es\/dermatitis-y-psoriasis\/","title":{"rendered":"Dermatitis y psoriasis"},"content":{"rendered":"","protected":false},"excerpt":{"rendered":"","protected":false},"author":1,"featured_media":0,"parent":0,"menu_order":0,"comment_status":"closed","ping_status":"closed","template":"main-theme.php","meta":{"footnotes":""},"acf":[],"yoast_head":"<!-- This site is optimized with the Yoast SEO plugin v21.3 - https:\/\/yoast.com\/wordpress\/plugins\/seo\/ -->\n<title>Dermatitis y psoriasis: productos Oncos<\/title>\n<meta name=\"description\" content=\"Dermatitis y psoriasis: descubre los productos de la l\u00ednea dermocosm\u00e9tica Oncos para cuidar la dermatitis y la psoriasis. Indicado para pacientes con c\u00e1ncer.\" \/>\n<meta name=\"robots\" content=\"index, follow, max-snippet:-1, max-image-preview:large, max-video-preview:-1\" \/>\n<link rel=\"canonical\" href=\"https:\/\/oncos.com\/es\/dermatitis-y-psoriasis\/\" \/>\n<meta property=\"og:locale\" content=\"es_ES\" \/>\n<meta property=\"og:type\" content=\"article\" \/>\n<meta property=\"og:title\" content=\"Dermatitis y psoriasis: productos Oncos\" \/>\n<meta property=\"og:description\" content=\"Dermatitis y psoriasis: descubre los productos de la l\u00ednea dermocosm\u00e9tica Oncos para cuidar la dermatitis y la psoriasis. Indicado para pacientes con c\u00e1ncer.\" \/>\n<meta property=\"og:url\" content=\"https:\/\/oncos.com\/es\/dermatitis-y-psoriasis\/\" \/>\n<meta property=\"og:site_name\" content=\"Oncos\" \/>\n<meta property=\"article:publisher\" content=\"https:\/\/www.facebook.com\/oncoscosmetica\" \/>\n<meta property=\"article:modified_time\" content=\"2026-04-07T13:12:12+00:00\" \/>\n<meta name=\"twitter:card\" content=\"summary_large_image\" \/>\n<script type=\"application\/ld+json\" class=\"yoast-schema-graph\">{\"@context\":\"https:\/\/schema.org\",\"@graph\":[{\"@type\":\"WebPage\",\"@id\":\"https:\/\/oncos.com\/es\/dermatitis-y-psoriasis\/\",\"url\":\"https:\/\/oncos.com\/es\/dermatitis-y-psoriasis\/\",\"name\":\"Dermatitis y psoriasis: productos Oncos\",\"isPartOf\":{\"@id\":\"https:\/\/www.oncos.com\/es\/#website\"},\"datePublished\":\"2023-10-09T13:31:08+00:00\",\"dateModified\":\"2026-04-07T13:12:12+00:00\",\"description\":\"Dermatitis y psoriasis: descubre los productos de la l\u00ednea dermocosm\u00e9tica Oncos para cuidar la dermatitis y la psoriasis. Indicado para pacientes con c\u00e1ncer.\",\"breadcrumb\":{\"@id\":\"https:\/\/oncos.com\/es\/dermatitis-y-psoriasis\/#breadcrumb\"},\"inLanguage\":\"es-ES\",\"potentialAction\":[{\"@type\":\"ReadAction\",\"target\":[\"https:\/\/oncos.com\/es\/dermatitis-y-psoriasis\/\"]}]},{\"@type\":\"BreadcrumbList\",\"@id\":\"https:\/\/oncos.com\/es\/dermatitis-y-psoriasis\/#breadcrumb\",\"itemListElement\":[{\"@type\":\"ListItem\",\"position\":1,\"name\":\"Home\",\"item\":\"https:\/\/oncos.com\/es\/\"},{\"@type\":\"ListItem\",\"position\":2,\"name\":\"Dermatitis y psoriasis\"}]},{\"@type\":\"WebSite\",\"@id\":\"https:\/\/www.oncos.com\/es\/#website\",\"url\":\"https:\/\/www.oncos.com\/es\/\",\"name\":\"Oncos\",\"description\":\"\",\"publisher\":{\"@id\":\"https:\/\/www.oncos.com\/es\/#organization\"},\"potentialAction\":[{\"@type\":\"SearchAction\",\"target\":{\"@type\":\"EntryPoint\",\"urlTemplate\":\"https:\/\/www.oncos.com\/es\/?s={search_term_string}\"},\"query-input\":\"required name=search_term_string\"}],\"inLanguage\":\"es-ES\"},{\"@type\":\"Organization\",\"@id\":\"https:\/\/www.oncos.com\/es\/#organization\",\"name\":\"Oncos\",\"url\":\"https:\/\/www.oncos.com\/es\/\",\"logo\":{\"@type\":\"ImageObject\",\"inLanguage\":\"es-ES\",\"@id\":\"https:\/\/www.oncos.com\/es\/#\/schema\/logo\/image\/\",\"url\":\"https:\/\/oncos.com\/site\/uploads\/2023\/08\/logo.png\",\"contentUrl\":\"https:\/\/oncos.com\/site\/uploads\/2023\/08\/logo.png\",\"width\":693,\"height\":200,\"caption\":\"Oncos\"},\"image\":{\"@id\":\"https:\/\/www.oncos.com\/es\/#\/schema\/logo\/image\/\"},\"sameAs\":[\"https:\/\/www.facebook.com\/oncoscosmetica\",\"https:\/\/www.instagram.com\/oncos_cosmetici\/\"]}]}<\/script>\n<!-- \/ Yoast SEO plugin. -->","yoast_head_json":{"title":"Dermatitis y psoriasis: productos Oncos","description":"Dermatitis y psoriasis: descubre los productos de la l\u00ednea dermocosm\u00e9tica Oncos para cuidar la dermatitis y la psoriasis. Indicado para pacientes con c\u00e1ncer.","robots":{"index":"index","follow":"follow","max-snippet":"max-snippet:-1","max-image-preview":"max-image-preview:large","max-video-preview":"max-video-preview:-1"},"canonical":"https:\/\/oncos.com\/es\/dermatitis-y-psoriasis\/","og_locale":"es_ES","og_type":"article","og_title":"Dermatitis y psoriasis: productos Oncos","og_description":"Dermatitis y psoriasis: descubre los productos de la l\u00ednea dermocosm\u00e9tica Oncos para cuidar la dermatitis y la psoriasis. Indicado para pacientes con c\u00e1ncer.","og_url":"https:\/\/oncos.com\/es\/dermatitis-y-psoriasis\/","og_site_name":"Oncos","article_publisher":"https:\/\/www.facebook.com\/oncoscosmetica","article_modified_time":"2026-04-07T13:12:12+00:00","twitter_card":"summary_large_image","schema":{"@context":"https:\/\/schema.org","@graph":[{"@type":"WebPage","@id":"https:\/\/oncos.com\/es\/dermatitis-y-psoriasis\/","url":"https:\/\/oncos.com\/es\/dermatitis-y-psoriasis\/","name":"Dermatitis y psoriasis: productos Oncos","isPartOf":{"@id":"https:\/\/www.oncos.com\/es\/#website"},"datePublished":"2023-10-09T13:31:08+00:00","dateModified":"2026-04-07T13:12:12+00:00","description":"Dermatitis y psoriasis: descubre los productos de la l\u00ednea dermocosm\u00e9tica Oncos para cuidar la dermatitis y la psoriasis. Indicado para pacientes con c\u00e1ncer.","breadcrumb":{"@id":"https:\/\/oncos.com\/es\/dermatitis-y-psoriasis\/#breadcrumb"},"inLanguage":"es-ES","potentialAction":[{"@type":"ReadAction","target":["https:\/\/oncos.com\/es\/dermatitis-y-psoriasis\/"]}]},{"@type":"BreadcrumbList","@id":"https:\/\/oncos.com\/es\/dermatitis-y-psoriasis\/#breadcrumb","itemListElement":[{"@type":"ListItem","position":1,"name":"Home","item":"https:\/\/oncos.com\/es\/"},{"@type":"ListItem","position":2,"name":"Dermatitis y psoriasis"}]},{"@type":"WebSite","@id":"https:\/\/www.oncos.com\/es\/#website","url":"https:\/\/www.oncos.com\/es\/","name":"Oncos","description":"","publisher":{"@id":"https:\/\/www.oncos.com\/es\/#organization"},"potentialAction":[{"@type":"SearchAction","target":{"@type":"EntryPoint","urlTemplate":"https:\/\/www.oncos.com\/es\/?s={search_term_string}"},"query-input":"required name=search_term_string"}],"inLanguage":"es-ES"},{"@type":"Organization","@id":"https:\/\/www.oncos.com\/es\/#organization","name":"Oncos","url":"https:\/\/www.oncos.com\/es\/","logo":{"@type":"ImageObject","inLanguage":"es-ES","@id":"https:\/\/www.oncos.com\/es\/#\/schema\/logo\/image\/","url":"https:\/\/oncos.com\/site\/uploads\/2023\/08\/logo.png","contentUrl":"https:\/\/oncos.com\/site\/uploads\/2023\/08\/logo.png","width":693,"height":200,"caption":"Oncos"},"image":{"@id":"https:\/\/www.oncos.com\/es\/#\/schema\/logo\/image\/"},"sameAs":["https:\/\/www.facebook.com\/oncoscosmetica","https:\/\/www.instagram.com\/oncos_cosmetici\/"]}]}},"_links":{"self":[{"href":"https:\/\/oncos.com\/es\/wp-json\/wp\/v2\/pages\/10577"}],"collection":[{"href":"https:\/\/oncos.com\/es\/wp-json\/wp\/v2\/pages"}],"about":[{"href":"https:\/\/oncos.com\/es\/wp-json\/wp\/v2\/types\/page"}],"author":[{"embeddable":true,"href":"https:\/\/oncos.com\/es\/wp-json\/wp\/v2\/users\/1"}],"replies":[{"embeddable":true,"href":"https:\/\/oncos.com\/es\/wp-json\/wp\/v2\/comments?post=10577"}],"version-history":[{"count":3,"href":"https:\/\/oncos.com\/es\/wp-json\/wp\/v2\/pages\/10577\/revisions"}],"predecessor-version":[{"id":10909,"href":"https:\/\/oncos.com\/es\/wp-json\/wp\/v2\/pages\/10577\/revisions\/10909"}],"wp:attachment":[{"href":"https:\/\/oncos.com\/es\/wp-json\/wp\/v2\/media?parent=10577"}],"curies":[{"name":"wp","href":"https:\/\/api.w.org\/{rel}","templated":true}]}}