{"id":10650,"date":"2023-10-09T14:20:23","date_gmt":"2023-10-09T14:20:23","guid":{"rendered":"https:\/\/oncos.com\/rush-cutaneo\/"},"modified":"2026-04-07T13:12:12","modified_gmt":"2026-04-07T13:12:12","slug":"fiebre-de-la-piel","status":"publish","type":"page","link":"https:\/\/oncos.com\/es\/fiebre-de-la-piel\/","title":{"rendered":"Ritmo cut\u00e1neo"},"content":{"rendered":"","protected":false},"excerpt":{"rendered":"","protected":false},"author":1,"featured_media":0,"parent":0,"menu_order":0,"comment_status":"closed","ping_status":"closed","template":"main-theme.php","meta":{"footnotes":""},"acf":[],"yoast_head":"<!-- This site is optimized with the Yoast SEO plugin v21.3 - https:\/\/yoast.com\/wordpress\/plugins\/seo\/ -->\n<title>Productos para tratar las erupciones cut\u00e1neas - Oncos<\/title>\n<meta name=\"description\" content=\"Productos para tratar las erupciones cut\u00e1neas. Descubre la l\u00ednea dermocosm\u00e9tica Oncos adecuada para tratar la piel durante las terapias oncol\u00f3gicas.\" \/>\n<meta name=\"robots\" content=\"index, follow, max-snippet:-1, max-image-preview:large, max-video-preview:-1\" \/>\n<link rel=\"canonical\" href=\"https:\/\/oncos.com\/es\/fiebre-de-la-piel\/\" \/>\n<meta property=\"og:locale\" content=\"es_ES\" \/>\n<meta property=\"og:type\" content=\"article\" \/>\n<meta property=\"og:title\" content=\"Productos para tratar las erupciones cut\u00e1neas - Oncos\" \/>\n<meta property=\"og:description\" content=\"Productos para tratar las erupciones cut\u00e1neas. Descubre la l\u00ednea dermocosm\u00e9tica Oncos adecuada para tratar la piel durante las terapias oncol\u00f3gicas.\" \/>\n<meta property=\"og:url\" content=\"https:\/\/oncos.com\/es\/fiebre-de-la-piel\/\" \/>\n<meta property=\"og:site_name\" content=\"Oncos\" \/>\n<meta property=\"article:publisher\" content=\"https:\/\/www.facebook.com\/oncoscosmetica\" \/>\n<meta property=\"article:modified_time\" content=\"2026-04-07T13:12:12+00:00\" \/>\n<meta name=\"twitter:card\" content=\"summary_large_image\" \/>\n<script type=\"application\/ld+json\" class=\"yoast-schema-graph\">{\"@context\":\"https:\/\/schema.org\",\"@graph\":[{\"@type\":\"WebPage\",\"@id\":\"https:\/\/oncos.com\/es\/fiebre-de-la-piel\/\",\"url\":\"https:\/\/oncos.com\/es\/fiebre-de-la-piel\/\",\"name\":\"Productos para tratar las erupciones cut\u00e1neas - Oncos\",\"isPartOf\":{\"@id\":\"https:\/\/www.oncos.com\/es\/#website\"},\"datePublished\":\"2023-10-09T14:20:23+00:00\",\"dateModified\":\"2026-04-07T13:12:12+00:00\",\"description\":\"Productos para tratar las erupciones cut\u00e1neas. Descubre la l\u00ednea dermocosm\u00e9tica Oncos adecuada para tratar la piel durante las terapias oncol\u00f3gicas.\",\"breadcrumb\":{\"@id\":\"https:\/\/oncos.com\/es\/fiebre-de-la-piel\/#breadcrumb\"},\"inLanguage\":\"es-ES\",\"potentialAction\":[{\"@type\":\"ReadAction\",\"target\":[\"https:\/\/oncos.com\/es\/fiebre-de-la-piel\/\"]}]},{\"@type\":\"BreadcrumbList\",\"@id\":\"https:\/\/oncos.com\/es\/fiebre-de-la-piel\/#breadcrumb\",\"itemListElement\":[{\"@type\":\"ListItem\",\"position\":1,\"name\":\"Home\",\"item\":\"https:\/\/oncos.com\/es\/\"},{\"@type\":\"ListItem\",\"position\":2,\"name\":\"Ritmo cut\u00e1neo\"}]},{\"@type\":\"WebSite\",\"@id\":\"https:\/\/www.oncos.com\/es\/#website\",\"url\":\"https:\/\/www.oncos.com\/es\/\",\"name\":\"Oncos\",\"description\":\"\",\"publisher\":{\"@id\":\"https:\/\/www.oncos.com\/es\/#organization\"},\"potentialAction\":[{\"@type\":\"SearchAction\",\"target\":{\"@type\":\"EntryPoint\",\"urlTemplate\":\"https:\/\/www.oncos.com\/es\/?s={search_term_string}\"},\"query-input\":\"required name=search_term_string\"}],\"inLanguage\":\"es-ES\"},{\"@type\":\"Organization\",\"@id\":\"https:\/\/www.oncos.com\/es\/#organization\",\"name\":\"Oncos\",\"url\":\"https:\/\/www.oncos.com\/es\/\",\"logo\":{\"@type\":\"ImageObject\",\"inLanguage\":\"es-ES\",\"@id\":\"https:\/\/www.oncos.com\/es\/#\/schema\/logo\/image\/\",\"url\":\"https:\/\/oncos.com\/site\/uploads\/2023\/08\/logo.png\",\"contentUrl\":\"https:\/\/oncos.com\/site\/uploads\/2023\/08\/logo.png\",\"width\":693,\"height\":200,\"caption\":\"Oncos\"},\"image\":{\"@id\":\"https:\/\/www.oncos.com\/es\/#\/schema\/logo\/image\/\"},\"sameAs\":[\"https:\/\/www.facebook.com\/oncoscosmetica\",\"https:\/\/www.instagram.com\/oncos_cosmetici\/\"]}]}<\/script>\n<!-- \/ Yoast SEO plugin. -->","yoast_head_json":{"title":"Productos para tratar las erupciones cut\u00e1neas - Oncos","description":"Productos para tratar las erupciones cut\u00e1neas. Descubre la l\u00ednea dermocosm\u00e9tica Oncos adecuada para tratar la piel durante las terapias oncol\u00f3gicas.","robots":{"index":"index","follow":"follow","max-snippet":"max-snippet:-1","max-image-preview":"max-image-preview:large","max-video-preview":"max-video-preview:-1"},"canonical":"https:\/\/oncos.com\/es\/fiebre-de-la-piel\/","og_locale":"es_ES","og_type":"article","og_title":"Productos para tratar las erupciones cut\u00e1neas - Oncos","og_description":"Productos para tratar las erupciones cut\u00e1neas. Descubre la l\u00ednea dermocosm\u00e9tica Oncos adecuada para tratar la piel durante las terapias oncol\u00f3gicas.","og_url":"https:\/\/oncos.com\/es\/fiebre-de-la-piel\/","og_site_name":"Oncos","article_publisher":"https:\/\/www.facebook.com\/oncoscosmetica","article_modified_time":"2026-04-07T13:12:12+00:00","twitter_card":"summary_large_image","schema":{"@context":"https:\/\/schema.org","@graph":[{"@type":"WebPage","@id":"https:\/\/oncos.com\/es\/fiebre-de-la-piel\/","url":"https:\/\/oncos.com\/es\/fiebre-de-la-piel\/","name":"Productos para tratar las erupciones cut\u00e1neas - Oncos","isPartOf":{"@id":"https:\/\/www.oncos.com\/es\/#website"},"datePublished":"2023-10-09T14:20:23+00:00","dateModified":"2026-04-07T13:12:12+00:00","description":"Productos para tratar las erupciones cut\u00e1neas. Descubre la l\u00ednea dermocosm\u00e9tica Oncos adecuada para tratar la piel durante las terapias oncol\u00f3gicas.","breadcrumb":{"@id":"https:\/\/oncos.com\/es\/fiebre-de-la-piel\/#breadcrumb"},"inLanguage":"es-ES","potentialAction":[{"@type":"ReadAction","target":["https:\/\/oncos.com\/es\/fiebre-de-la-piel\/"]}]},{"@type":"BreadcrumbList","@id":"https:\/\/oncos.com\/es\/fiebre-de-la-piel\/#breadcrumb","itemListElement":[{"@type":"ListItem","position":1,"name":"Home","item":"https:\/\/oncos.com\/es\/"},{"@type":"ListItem","position":2,"name":"Ritmo cut\u00e1neo"}]},{"@type":"WebSite","@id":"https:\/\/www.oncos.com\/es\/#website","url":"https:\/\/www.oncos.com\/es\/","name":"Oncos","description":"","publisher":{"@id":"https:\/\/www.oncos.com\/es\/#organization"},"potentialAction":[{"@type":"SearchAction","target":{"@type":"EntryPoint","urlTemplate":"https:\/\/www.oncos.com\/es\/?s={search_term_string}"},"query-input":"required name=search_term_string"}],"inLanguage":"es-ES"},{"@type":"Organization","@id":"https:\/\/www.oncos.com\/es\/#organization","name":"Oncos","url":"https:\/\/www.oncos.com\/es\/","logo":{"@type":"ImageObject","inLanguage":"es-ES","@id":"https:\/\/www.oncos.com\/es\/#\/schema\/logo\/image\/","url":"https:\/\/oncos.com\/site\/uploads\/2023\/08\/logo.png","contentUrl":"https:\/\/oncos.com\/site\/uploads\/2023\/08\/logo.png","width":693,"height":200,"caption":"Oncos"},"image":{"@id":"https:\/\/www.oncos.com\/es\/#\/schema\/logo\/image\/"},"sameAs":["https:\/\/www.facebook.com\/oncoscosmetica","https:\/\/www.instagram.com\/oncos_cosmetici\/"]}]}},"_links":{"self":[{"href":"https:\/\/oncos.com\/es\/wp-json\/wp\/v2\/pages\/10650"}],"collection":[{"href":"https:\/\/oncos.com\/es\/wp-json\/wp\/v2\/pages"}],"about":[{"href":"https:\/\/oncos.com\/es\/wp-json\/wp\/v2\/types\/page"}],"author":[{"embeddable":true,"href":"https:\/\/oncos.com\/es\/wp-json\/wp\/v2\/users\/1"}],"replies":[{"embeddable":true,"href":"https:\/\/oncos.com\/es\/wp-json\/wp\/v2\/comments?post=10650"}],"version-history":[{"count":4,"href":"https:\/\/oncos.com\/es\/wp-json\/wp\/v2\/pages\/10650\/revisions"}],"predecessor-version":[{"id":53518,"href":"https:\/\/oncos.com\/es\/wp-json\/wp\/v2\/pages\/10650\/revisions\/53518"}],"wp:attachment":[{"href":"https:\/\/oncos.com\/es\/wp-json\/wp\/v2\/media?parent=10650"}],"curies":[{"name":"wp","href":"https:\/\/api.w.org\/{rel}","templated":true}]}}