{"id":10667,"date":"2021-10-23T17:27:57","date_gmt":"2021-10-23T17:27:57","guid":{"rendered":"https:\/\/oncos.com\/home\/"},"modified":"2026-04-08T06:53:46","modified_gmt":"2026-04-08T06:53:46","slug":"home","status":"publish","type":"page","link":"https:\/\/oncos.com\/es\/","title":{"rendered":"Inicio"},"content":{"rendered":"","protected":false},"excerpt":{"rendered":"","protected":false},"author":1,"featured_media":0,"parent":0,"menu_order":0,"comment_status":"closed","ping_status":"open","template":"main-theme.php","meta":{"footnotes":""},"acf":[],"yoast_head":"<!-- This site is optimized with the Yoast SEO plugin v21.3 - https:\/\/yoast.com\/wordpress\/plugins\/seo\/ -->\n<title>Dermocosm\u00e9tica para pacientes con c\u00e1ncer - Oncos<\/title>\n<meta name=\"description\" content=\"Dermocosm\u00e9tica para pacientes con c\u00e1ncer: la l\u00ednea Oncos est\u00e1 dise\u00f1ada para prevenir y tratar los efectos secundarios cut\u00e1neos de las terapias contra el c\u00e1ncer.\" \/>\n<meta name=\"robots\" content=\"index, follow, max-snippet:-1, max-image-preview:large, max-video-preview:-1\" \/>\n<link rel=\"canonical\" href=\"https:\/\/oncos.com\/es\/\" \/>\n<meta property=\"og:locale\" content=\"es_ES\" \/>\n<meta property=\"og:type\" content=\"article\" \/>\n<meta property=\"og:title\" content=\"Dermocosm\u00e9tica para pacientes con c\u00e1ncer - Oncos\" \/>\n<meta property=\"og:description\" content=\"Dermocosm\u00e9tica para pacientes con c\u00e1ncer: la l\u00ednea Oncos est\u00e1 dise\u00f1ada para prevenir y tratar los efectos secundarios cut\u00e1neos de las terapias contra el c\u00e1ncer.\" \/>\n<meta property=\"og:url\" content=\"https:\/\/oncos.com\/es\/\" \/>\n<meta property=\"og:site_name\" content=\"Oncos\" \/>\n<meta property=\"article:publisher\" content=\"https:\/\/www.facebook.com\/oncoscosmetica\" \/>\n<meta property=\"article:modified_time\" content=\"2026-04-08T06:53:46+00:00\" \/>\n<meta name=\"twitter:card\" content=\"summary_large_image\" \/>\n<script type=\"application\/ld+json\" class=\"yoast-schema-graph\">{\"@context\":\"https:\/\/schema.org\",\"@graph\":[{\"@type\":\"WebPage\",\"@id\":\"https:\/\/oncos.com\/es\/\",\"url\":\"https:\/\/oncos.com\/es\/\",\"name\":\"Dermocosm\u00e9tica para pacientes con c\u00e1ncer - Oncos\",\"isPartOf\":{\"@id\":\"https:\/\/www.oncos.com\/es\/#website\"},\"datePublished\":\"2021-10-23T17:27:57+00:00\",\"dateModified\":\"2026-04-08T06:53:46+00:00\",\"description\":\"Dermocosm\u00e9tica para pacientes con c\u00e1ncer: la l\u00ednea Oncos est\u00e1 dise\u00f1ada para prevenir y tratar los efectos secundarios cut\u00e1neos de las terapias contra el c\u00e1ncer.\",\"breadcrumb\":{\"@id\":\"https:\/\/oncos.com\/es\/#breadcrumb\"},\"inLanguage\":\"es-ES\",\"potentialAction\":[{\"@type\":\"ReadAction\",\"target\":[\"https:\/\/oncos.com\/es\/\"]}]},{\"@type\":\"BreadcrumbList\",\"@id\":\"https:\/\/oncos.com\/es\/#breadcrumb\",\"itemListElement\":[{\"@type\":\"ListItem\",\"position\":1,\"name\":\"Home\",\"item\":\"https:\/\/oncos.com\/es\/\"},{\"@type\":\"ListItem\",\"position\":2,\"name\":\"Inicio\"}]},{\"@type\":\"WebSite\",\"@id\":\"https:\/\/www.oncos.com\/es\/#website\",\"url\":\"https:\/\/www.oncos.com\/es\/\",\"name\":\"Oncos\",\"description\":\"\",\"publisher\":{\"@id\":\"https:\/\/www.oncos.com\/es\/#organization\"},\"potentialAction\":[{\"@type\":\"SearchAction\",\"target\":{\"@type\":\"EntryPoint\",\"urlTemplate\":\"https:\/\/www.oncos.com\/es\/?s={search_term_string}\"},\"query-input\":\"required name=search_term_string\"}],\"inLanguage\":\"es-ES\"},{\"@type\":\"Organization\",\"@id\":\"https:\/\/www.oncos.com\/es\/#organization\",\"name\":\"Oncos\",\"url\":\"https:\/\/www.oncos.com\/es\/\",\"logo\":{\"@type\":\"ImageObject\",\"inLanguage\":\"es-ES\",\"@id\":\"https:\/\/www.oncos.com\/es\/#\/schema\/logo\/image\/\",\"url\":\"https:\/\/oncos.com\/site\/uploads\/2023\/08\/logo.png\",\"contentUrl\":\"https:\/\/oncos.com\/site\/uploads\/2023\/08\/logo.png\",\"width\":693,\"height\":200,\"caption\":\"Oncos\"},\"image\":{\"@id\":\"https:\/\/www.oncos.com\/es\/#\/schema\/logo\/image\/\"},\"sameAs\":[\"https:\/\/www.facebook.com\/oncoscosmetica\",\"https:\/\/www.instagram.com\/oncos_cosmetici\/\"]}]}<\/script>\n<!-- \/ Yoast SEO plugin. -->","yoast_head_json":{"title":"Dermocosm\u00e9tica para pacientes con c\u00e1ncer - Oncos","description":"Dermocosm\u00e9tica para pacientes con c\u00e1ncer: la l\u00ednea Oncos est\u00e1 dise\u00f1ada para prevenir y tratar los efectos secundarios cut\u00e1neos de las terapias contra el c\u00e1ncer.","robots":{"index":"index","follow":"follow","max-snippet":"max-snippet:-1","max-image-preview":"max-image-preview:large","max-video-preview":"max-video-preview:-1"},"canonical":"https:\/\/oncos.com\/es\/","og_locale":"es_ES","og_type":"article","og_title":"Dermocosm\u00e9tica para pacientes con c\u00e1ncer - Oncos","og_description":"Dermocosm\u00e9tica para pacientes con c\u00e1ncer: la l\u00ednea Oncos est\u00e1 dise\u00f1ada para prevenir y tratar los efectos secundarios cut\u00e1neos de las terapias contra el c\u00e1ncer.","og_url":"https:\/\/oncos.com\/es\/","og_site_name":"Oncos","article_publisher":"https:\/\/www.facebook.com\/oncoscosmetica","article_modified_time":"2026-04-08T06:53:46+00:00","twitter_card":"summary_large_image","schema":{"@context":"https:\/\/schema.org","@graph":[{"@type":"WebPage","@id":"https:\/\/oncos.com\/es\/","url":"https:\/\/oncos.com\/es\/","name":"Dermocosm\u00e9tica para pacientes con c\u00e1ncer - Oncos","isPartOf":{"@id":"https:\/\/www.oncos.com\/es\/#website"},"datePublished":"2021-10-23T17:27:57+00:00","dateModified":"2026-04-08T06:53:46+00:00","description":"Dermocosm\u00e9tica para pacientes con c\u00e1ncer: la l\u00ednea Oncos est\u00e1 dise\u00f1ada para prevenir y tratar los efectos secundarios cut\u00e1neos de las terapias contra el c\u00e1ncer.","breadcrumb":{"@id":"https:\/\/oncos.com\/es\/#breadcrumb"},"inLanguage":"es-ES","potentialAction":[{"@type":"ReadAction","target":["https:\/\/oncos.com\/es\/"]}]},{"@type":"BreadcrumbList","@id":"https:\/\/oncos.com\/es\/#breadcrumb","itemListElement":[{"@type":"ListItem","position":1,"name":"Home","item":"https:\/\/oncos.com\/es\/"},{"@type":"ListItem","position":2,"name":"Inicio"}]},{"@type":"WebSite","@id":"https:\/\/www.oncos.com\/es\/#website","url":"https:\/\/www.oncos.com\/es\/","name":"Oncos","description":"","publisher":{"@id":"https:\/\/www.oncos.com\/es\/#organization"},"potentialAction":[{"@type":"SearchAction","target":{"@type":"EntryPoint","urlTemplate":"https:\/\/www.oncos.com\/es\/?s={search_term_string}"},"query-input":"required name=search_term_string"}],"inLanguage":"es-ES"},{"@type":"Organization","@id":"https:\/\/www.oncos.com\/es\/#organization","name":"Oncos","url":"https:\/\/www.oncos.com\/es\/","logo":{"@type":"ImageObject","inLanguage":"es-ES","@id":"https:\/\/www.oncos.com\/es\/#\/schema\/logo\/image\/","url":"https:\/\/oncos.com\/site\/uploads\/2023\/08\/logo.png","contentUrl":"https:\/\/oncos.com\/site\/uploads\/2023\/08\/logo.png","width":693,"height":200,"caption":"Oncos"},"image":{"@id":"https:\/\/www.oncos.com\/es\/#\/schema\/logo\/image\/"},"sameAs":["https:\/\/www.facebook.com\/oncoscosmetica","https:\/\/www.instagram.com\/oncos_cosmetici\/"]}]}},"_links":{"self":[{"href":"https:\/\/oncos.com\/es\/wp-json\/wp\/v2\/pages\/10667"}],"collection":[{"href":"https:\/\/oncos.com\/es\/wp-json\/wp\/v2\/pages"}],"about":[{"href":"https:\/\/oncos.com\/es\/wp-json\/wp\/v2\/types\/page"}],"author":[{"embeddable":true,"href":"https:\/\/oncos.com\/es\/wp-json\/wp\/v2\/users\/1"}],"replies":[{"embeddable":true,"href":"https:\/\/oncos.com\/es\/wp-json\/wp\/v2\/comments?post=10667"}],"version-history":[{"count":10,"href":"https:\/\/oncos.com\/es\/wp-json\/wp\/v2\/pages\/10667\/revisions"}],"predecessor-version":[{"id":52391,"href":"https:\/\/oncos.com\/es\/wp-json\/wp\/v2\/pages\/10667\/revisions\/52391"}],"wp:attachment":[{"href":"https:\/\/oncos.com\/es\/wp-json\/wp\/v2\/media?parent=10667"}],"curies":[{"name":"wp","href":"https:\/\/api.w.org\/{rel}","templated":true}]}}